{"id":11502,"date":"2019-03-21T15:20:48","date_gmt":"2019-03-21T20:20:48","guid":{"rendered":"https:\/\/ieannavitiello.edu.co\/web\/?page_id=11502"},"modified":"2021-02-23T11:32:25","modified_gmt":"2021-02-23T16:32:25","slug":"nuestro-colegio","status":"publish","type":"page","link":"https:\/\/ieannavitiello.edu.co\/web\/nuestro-colegio\/","title":{"rendered":"Nuestro Colegio"},"content":{"rendered":"<div class=\"wpb-content-wrapper\"><p>[vc_row][vc_column]<div class=\"thim-widget-heading template-base\"><div class=\"sc_heading  text-center\"><h3 style=\"font-size:35px;font-weight:600;\" class=\"title\">Informaci\u00f3n <strong>Institucional<\/strong><\/h3><\/div><\/div>[vc_column_text]<\/p>\n<p style=\"text-align: center;\">Desde su fundaci\u00f3n se ha propuesto ofrecer a la comunidad de Los Patios un servicio educativo con calidad, interpretada \u00e9sta como el proceso de formaci\u00f3n permanente, personal, cultural y social que se fundamenta en una concepci\u00f3n de la persona \u00edntegra, .creyente y practicante de la caridad cristiana.<\/p>\n<h2 style=\"text-align: center;\"><strong>\u00a0 \u00a0RECTORAS<\/strong><\/h2>\n<p style=\"text-align: center;\">\u00a0Hna. Gladys Giraldo (1995 -1998)<\/p>\n<p style=\"text-align: center;\">\u00a0 \u00a0 \u00a0 \u00a0 \u00a0 \u00a0 Hna. Teresita Hern\u00e1ndez (1999- 2003)<\/p>\n<p style=\"text-align: center;\">Dra. Solanlly Villamizar (2004)<\/p>\n<p style=\"text-align: center;\">\u00a0 \u00a0 \u00a0 \u00a0 \u00a0Hna. Jaqueline Garcia (2005- 2010)<\/p>\n<p style=\"text-align: center;\">\u00a0 \u00a0 \u00a0 \u00a0 \u00a0 \u00a0 \u00a0 Hna. Teresita Hernandez (2011- 2014)<\/p>\n<p style=\"text-align: center;\">\u00a0 \u00a0 \u00a0 \u00a0 \u00a0 \u00a0 \u00a0 \u00a0 \u00a0 \u00a0Hna. Carmen Mu\u00f1oz Florez (2015-2018)<\/p>\n<p style=\"text-align: center;\">\u00a0 \u00a0 \u00a0 \u00a0 \u00a0 \u00a0 \u00a0 \u00a0 \u00a0 \u00a0 \u00a0 \u00a0 \u00a0 \u00a0Hna. Carmen Suleyda Castro (<strong>Actualmente<\/strong>)<\/p>\n<p style=\"text-align: center;\"><b>Promociones: <\/b>Hemos entregado a la sociedad dieciocho promociones, cinco acad\u00e9micas y trece t\u00e9cnicas.<\/p>\n<p>[\/vc_column_text][\/vc_column][\/vc_row][vc_row css=\u00bb.vc_custom_1559531433775{margin-bottom: 15px !important;}\u00bb][vc_column width=\u00bb1\/2&#8243; css=\u00bb.vc_custom_1563221010625{margin-bottom: 30px !important;}\u00bb][vc_column_text]<\/p>\n<h3 class=\"thim-text-title\">Misi\u00f3n<\/h3>\n<p>La Instituci\u00f3n Educativa Anna Vitiello \u201cHogar Santa Rosa de Lima\u201d del Municipio de Los Patios ofrece una educaci\u00f3n integral en los niveles de pre-escolar, educaci\u00f3n b\u00e1sica y media t\u00e9cnica con \u00e9nfasis en venta de productos y servicios a ni\u00f1as, ni\u00f1os y j\u00f3venes vulnerables teniendo como eje fundamental de la educaci\u00f3n una convivencia democr\u00e1tica basada en valores cristianos y \u00e9ticos bajo el lema: \u201cvirtud ciencia y protecci\u00f3n\u201d[\/vc_column_text][\/vc_column][vc_column width=\u00bb1\/2&#8243; css=\u00bb.vc_custom_1563221004337{margin-bottom: 30px !important;}\u00bb][vc_column_text]<\/p>\n<h3 class=\"thim-text-title\">Visi\u00f3n<\/h3>\n<p>Hacia el a\u00f1o 2023 La Instituci\u00f3n Educativa Anna Vitiello \u201cHogar Santa Rosa de Lima\u201d ser\u00e1 reconocida como una Instituci\u00f3n formadora de l\u00edderes creyentes y practicantes de la caridad cristiana, competentes para desempe\u00f1arse en la vida personal, intelectual, social, ciudadana y productiva con base en su proyecto de vida, su formaci\u00f3n acad\u00e9mica en ciencia, tecnolog\u00eda e innovaci\u00f3n, a trav\u00e9s de la investigaci\u00f3n como estrategia pedag\u00f3gica apoyada en las TIC y en t\u00e9cnica laboral certificada seg\u00fan convenio SENA para los estudiantes.[\/vc_column_text][\/vc_column][\/vc_row][vc_row][vc_column][vc_column_text]<\/p>\n<h3 style=\"text-align: center;\">LEMA<\/h3>\n<p style=\"text-align: center;\">Por Mar\u00eda, con Mar\u00eda y en Mar\u00eda. Llegaremos\u00a0 a \u00abJes\u00fas amigo que nunca falla\u00bb.<\/p>\n<p style=\"text-align: center;\"><img loading=\"lazy\" decoding=\"async\" class=\"alignnone size-full wp-image-12423\" src=\"https:\/\/ieannavitiello.edu.co\/web\/wp-content\/uploads\/2021\/02\/images.jpg\" alt=\"\" width=\"127\" height=\"230\" \/><\/p>\n<p>[\/vc_column_text][vc_tta_tabs][vc_tta_section title=\u00bbFUNDADORES\u00bb tab_id=\u00bb1613051895947-e3345b06-2d61&#8243;][vc_column_text]<\/p>\n<h1 style=\"text-align: center;\">MADRE ANNA VITIELLO<\/h1>\n<p style=\"text-align: center;\"><img loading=\"lazy\" decoding=\"async\" class=\"alignnone size-full wp-image-12411\" src=\"https:\/\/ieannavitiello.edu.co\/web\/wp-content\/uploads\/2021\/02\/ANNA-VITIELLO.jpg\" alt=\"\" width=\"201\" height=\"149\" \/><\/p>\n<p style=\"text-align: center;\">Nace en Torre del Greco (Italia)el 19 de marzo de 1904, fue bautizada el 24 de marzo.<\/p>\n<p style=\"text-align: center;\">Maestra del \u00e1rea de matem\u00e1ticas y catequista en la Parroquia Francisco de Paula en Torre Anunziata,<\/p>\n<p style=\"text-align: center;\">se desposo con el joven \u00c1ngelo Maresca lo en 1928, quedo viuda el el 19 de febrero de\u00a0 1.946.<\/p>\n<p style=\"text-align: center;\">Le colaboro al Padre Arturo durante cinco a\u00f1os y al enviudar inicia su vida consagrada,<\/p>\n<p style=\"text-align: center;\">haciendo su profesi\u00f3n religiosa el 2 de Octubre de 1949, muere el 23 de julio de el a\u00f1o 2.000<\/p>\n<p>[\/vc_column_text][vc_text_separator title=\u00bbSANTOS O NADA\u00bb border_width=\u00bb3&#8243;][vc_column_text]<\/p>\n<h1 style=\"text-align: center;\">PADRE ARTURO D\u00b4ONOFRIO<\/h1>\n<p style=\"text-align: center;\"><img loading=\"lazy\" decoding=\"async\" class=\"alignnone wp-image-12412\" src=\"https:\/\/ieannavitiello.edu.co\/web\/wp-content\/uploads\/2021\/02\/46505801_1949170048452890_9194947767196188672_n.jpg\" alt=\"\" width=\"187\" height=\"253\" srcset=\"https:\/\/ieannavitiello.edu.co\/web\/wp-content\/uploads\/2021\/02\/46505801_1949170048452890_9194947767196188672_n.jpg 631w, https:\/\/ieannavitiello.edu.co\/web\/wp-content\/uploads\/2021\/02\/46505801_1949170048452890_9194947767196188672_n-221x300.jpg 221w\" sizes=\"auto, (max-width: 187px) 100vw, 187px\" \/><\/p>\n<p style=\"text-align: center;\">Nace en N\u00e1poles (Italia) el 8 de Agosto de 1914, fue bautizado el 16 de agosto,<\/p>\n<p style=\"text-align: center;\">Ingreso al seminario de Nola\u00a0 el 10 de Octubre de 1926, se ordeno de sacerdote el<\/p>\n<p style=\"text-align: center;\">12 de Marzo de 1938 y nace para la vida eterna el 3 de Noviembre del 2006.<\/p>\n<p>&nbsp;<\/p>\n<h3 style=\"text-align: center;\">FUNDADOR : de las Hermanas Peque\u00f1os Ap\u00f3stoles de la redenci\u00f3n y los Padres Misioneros de la Divina Redenci\u00f3n.<\/h3>\n<p>[\/vc_column_text][vc_column_text]<img loading=\"lazy\" decoding=\"async\" class=\"wp-image-12415 aligncenter\" src=\"https:\/\/ieannavitiello.edu.co\/web\/wp-content\/uploads\/2021\/02\/139537936_3793755710678200_1034192832821296511_o.jpg\" alt=\"\" width=\"769\" height=\"612\" srcset=\"https:\/\/ieannavitiello.edu.co\/web\/wp-content\/uploads\/2021\/02\/139537936_3793755710678200_1034192832821296511_o.jpg 1404w, https:\/\/ieannavitiello.edu.co\/web\/wp-content\/uploads\/2021\/02\/139537936_3793755710678200_1034192832821296511_o-300x239.jpg 300w, https:\/\/ieannavitiello.edu.co\/web\/wp-content\/uploads\/2021\/02\/139537936_3793755710678200_1034192832821296511_o-1024x815.jpg 1024w, https:\/\/ieannavitiello.edu.co\/web\/wp-content\/uploads\/2021\/02\/139537936_3793755710678200_1034192832821296511_o-768x612.jpg 768w\" sizes=\"auto, (max-width: 769px) 100vw, 769px\" \/>[\/vc_column_text][\/vc_tta_section][vc_tta_section title=\u00bbOBJETIVOS INSTITUCIONALES\u00bb tab_id=\u00bb1612878593287-9678d82d-6e28&#8243;][vc_column_text]<\/p>\n<ul>\n<li>Fortalecer en los j\u00f3venes valores para el crecimiento espiritual, social y moral.<\/li>\n<li>Emprender acciones para la integraci\u00f3n de las TIC en la\u00a0 construcci\u00f3n del proyecto educativo institucional, para responder a las necesidades actuales y dar herramientas para las diferentes \u00e1reas en un medio donde exige ser competente con calidad.<\/li>\n<li>Desarrollar competencias cient\u00edficas, ciudadanas y laborales acordes al contexto socio cultural\u00a0 de los estudiantes.<\/li>\n<li>Fomentar la investigaci\u00f3n\u00a0 como un resultado de procesos de calidad dentro de la academia y que el alumno sea el protagonista de su aprendizaje por medio de intereses existentes, personales y grupales.<\/li>\n<li>Promover proyectos trasversales, de investigaci\u00f3n, deportes que contribuyan al mejoramiento en la calidad de vida de los miembros de la comunidad educativa.<\/li>\n<\/ul>\n<p>&nbsp;<\/p>\n<p>&nbsp;<\/p>\n<p>&nbsp;<\/p>\n<p>[\/vc_column_text][\/vc_tta_section][vc_tta_section title=\u00bbHORIZONTE INSTITUCIONAL\u00bb tab_id=\u00bb1613076444671-58748935-bda7&#8243;][vc_column_text]La instituci\u00f3n Educativa est\u00e1 orientada hacia la formaci\u00f3n y el desarrollo integral de ni\u00f1os y j\u00f3venes brind\u00e1ndoles un ambiente ideal para que sean aut\u00e9nticos<\/p>\n<p>cristianos y buenos ciudadanos.<\/p>\n<p>Desde su fundaci\u00f3n se ha propuesto ofrecer a la comunidad de los Patios un servicio educativo con calidad, interpretada esta como el proceso de formaci\u00f3n permanente,<\/p>\n<p>personal, cultural y social\u00a0 que se fundamenta en una concepci\u00f3n de la persona\u00a0 integra, creyente y practicante de la caridad cristiana; formando personas competentes en<\/p>\n<p>el sector productivo con la especialidad en t\u00e9cnica de ventas, productos\u00a0 y servicios. Quienes pueden acceder a estudios superiores con el Sena y con la UDES avalado por los convenios<\/p>\n<p>existentes.[\/vc_column_text][\/vc_tta_section][vc_tta_section title=\u00bbFUNDAMENTOS\u00bb tab_id=\u00bb1553201553639-a4a157b2-0618&#8243;][vc_column_text]<b>FILOS\u00d3FICOS<\/b><\/p>\n<p>La Instituci\u00f3n Educativa se fundamenta en la filosof\u00eda de nuestro fundador padre Arturo D\u2019Onofrio, impartir una orientaci\u00f3n s\u00f3lida al ser humano, fortaleciendo sus dimensiones de vida, fomentando actividades que contribuyan al crecimiento humano-cristiano; es decir no solo educar en letras y ciencias, sino m\u00e1s bien en verdad y virtud: \u00e9tica, religiosa, moral, social y humana. cuyo \u00e9xito se refleja en una convivencia de calidad.<\/p>\n<p>\u201cformamos hombres y mujeres nuevos para que desarrollen su propio proyecto de vida\u201d.<\/p>\n<p><b>SOCIOL\u00d3GICOS<\/b><\/p>\n<p>La Instituci\u00f3n Educativa Ana Vitiello-Hogar Santa Rosa de Lima se caracteriza por una actitud cr\u00edtica ante la realidad, con el inter\u00e9s de contribuir a la formaci\u00f3n de ciudadanos nuevos, aut\u00e9nticos con ideales m\u00e1s humanos basados en una educaci\u00f3n cristiana y pedag\u00f3gica.<\/p>\n<p><b>AXIOL\u00d3GICO<\/b><\/p>\n<p>La Instituci\u00f3n Educativa se fundamenta en el respeto, la tolerancia, el dialogo, el autoestima, la responsabilidad, el amor, el servicio y la aceptaci\u00f3n para que nuestros estudiantes contribuyan a una mejor sociedad.<\/p>\n<p><b>EPISTEMOL\u00d3GICO<\/b><\/p>\n<p>La Instituci\u00f3n Educativa Anna Vitiello \u201cHogar Santa Rosa de Lima\u201d, se propone formar integralmente al educando M\u00e1s all\u00e1 de la simple acumulaci\u00f3n de datos se trata de madurar su inteligencia y explorar sus capacidades, para permitir su desarrollo moral y espiritual comprometi\u00e9ndose con su formaci\u00f3n permanente y cambio de vida.<\/p>\n<p><b>PSICOL\u00d3GICO<\/b><\/p>\n<p>Se busca formar seres humanos felices, equilibrados socio afectivamente, con un buen nivel de autoestima, autonom\u00eda y superaci\u00f3n que responda adecuadamente a las expectativas generadas por el medio a nivel de liderazgo y permanente construcci\u00f3n.<\/p>\n<p><b>PEDAG\u00d3GICOS<\/b><\/p>\n<p>Se fundamenta en la construcci\u00f3n del conocimiento que propende por la producci\u00f3n de la ciencia, de la cultura, del humanismo y tecnolog\u00eda que forma al estudiante para que contribuya al desarrollo Humano, sentando un pensamiento y un que hacer con sentido cr\u00edtico y aut\u00f3nomo.<\/p>\n<p>El enfoque considera la educaci\u00f3n como proceso de desarrollo individual, en el que el<strong>\u00a0SER HUMANO<\/strong>\u00a0logra modificar sus estructuras mentales y habilidades.<br \/>\nConsideramos<strong>\u00a0LA INSTITUCI\u00d3N<\/strong> como un lugar de encuentro donde se da un proceso de aprendizaje colectivo, de mutuo apoyo, que estimula el llamado di\u00e1logo de saberes entre docente- discente, en el marco de la utilizaci\u00f3n conjunta e individual de herramientas y recursos de informaci\u00f3n.[\/vc_column_text][\/vc_tta_section][vc_tta_section title=\u00bbPRINCIPIOS INSTITUCIONALES\u00bb tab_id=\u00bb1553201553661-4cb8a9a4-11b5&#8243;][vc_column_text]Nuestra Instituci\u00f3n est\u00e1 orientada hacia la formaci\u00f3n integral de ni\u00f1os y j\u00f3venes bajo el lema: \u201cVirtud, ciencia y protecci\u00f3n\u201d, fundamentada en los siguientes principios.<\/p>\n<p><b>PRINCIPIO \u00c9TICO:<\/b><img loading=\"lazy\" decoding=\"async\" class=\"aligncenter\" src=\"https:\/\/ieannavitiello.edu.co\/web\/wp-content\/uploads\/2019\/07\/image001.png\" width=\"370\" height=\"367\" \/><\/p>\n<p><strong>PRINCIPIO DE EFICACIA:<\/strong><\/p>\n<p><img loading=\"lazy\" decoding=\"async\" class=\"aligncenter\" src=\"https:\/\/ieannavitiello.edu.co\/web\/wp-content\/uploads\/2019\/07\/b.png\" width=\"389\" height=\"342\" \/><\/p>\n<p><b>PRINCIPIO DEMOCR\u00c1TICO:<\/b><\/p>\n<p><img loading=\"lazy\" decoding=\"async\" class=\"aligncenter\" src=\"https:\/\/ieannavitiello.edu.co\/web\/wp-content\/uploads\/2019\/07\/c.png\" width=\"511\" height=\"368\" \/><\/p>\n<p><strong>CREENCIAS<\/strong><\/p>\n<p>La Instituci\u00f3n Educativa Colegio Anna Vitiello \u201cHogar Santa Rosa de Lima\u201d, busca que sus estudiantes sean aut\u00e9nticos cristianos y buenos ciudadanos que tiendan a la perfecci\u00f3n ayudados por el esp\u00edritu de sacrificio, verdad y amor; teniendo como gu\u00eda el evangelio y todos los elemento pedag\u00f3gicos \u00e9ticos y valores, facilitando un ambiente arm\u00f3nico donde se d\u00e9 el di\u00e1logo y la concertaci\u00f3n ante las dificultades que se presenten.[\/vc_column_text][\/vc_tta_section][vc_tta_section title=\u00bbPERFIL DE LOS ESTUDIANTES VITIELLINOS\u00bb tab_id=\u00bb1613157383280-30ac98be-4274&#8243;][vc_column_text]<\/p>\n<h2>Dimensi\u00f3n Humana:<\/h2>\n<ul>\n<li>Que tenga un alto estado de autoestima<\/li>\n<li>Respetuoso alegre y atento<\/li>\n<li>Que acepte a los dem\u00e1s como son<\/li>\n<li>Equilibrado, maduro, afectivo y delicado en su trato<\/li>\n<li>Aut\u00f3nomo, participativo, trabajador receptivo<\/li>\n<li>Abierto al dialogo y a la confianza<\/li>\n<li>Conocedor de sus deberes y derechos como miembro de la comunidad<\/li>\n<li>\u00a0Comprometido con la sociedad que espera su aporte transformador renovador de justicia y de solidaridad<\/li>\n<li>Art\u00edfice de su propia historia, de su realizaci\u00f3n personal\u00a0 y profundo sentimiento de trascendencia.<\/li>\n<li>Dise\u00f1ador de un plan de vida que le permita un \u00e9xito personal\u00a0 y lo lleve a un bien social.<\/li>\n<li>Una persona que se preocupe por estar al d\u00eda, comprometido con su ciudad y su pa\u00eds, critico y convencido de su tarea de transformaci\u00f3n.<\/li>\n<\/ul>\n<p>[\/vc_column_text][vc_column_text]<\/p>\n<h2>dimensi\u00f3n Cristiana<\/h2>\n<p>[\/vc_column_text][\/vc_tta_section][\/vc_tta_tabs][\/vc_column][\/vc_row][vc_row][vc_column]<div class=\"thim-widget-heading template-base\"><div class=\"sc_heading  text-center\"><h3 class=\"title\">S\u00edmbolos <strong>Institucionales<\/strong><\/h3><\/div><\/div>[vc_row_inner][vc_column_inner width=\u00bb1\/2&#8243;][vc_column_text]<\/p>\n<h3 class=\"thim-text-title\">Bandera<\/h3>\n<p><b><img decoding=\"async\" class=\"alignleft\" src=\"https:\/\/ieannavitiello.edu.co\/web\/wp-content\/uploads\/2019\/07\/image009.png\" \/>Una franja de color blanco:<\/b>\u00a0En la parte superior \u00a0que simboliza la devoci\u00f3n y filiaci\u00f3n a Mar\u00eda Consoladora del Carpinello la pureza y\u00a0sencillez del estudiante del Colegio que debe\u00a0poseer en alto grado.<\/p>\n<p><b>Una franja\u00a0color rojo:\u00a0<\/b>En la parte inferior que simboliza el amor, la alegr\u00eda, el servicio y el esp\u00edritu emprendedor del estudiante.[\/vc_column_text][\/vc_column_inner][vc_column_inner width=\u00bb1\/2&#8243;][vc_column_text]<\/p>\n<h3 class=\"thim-text-title\">Bandera<\/h3>\n<p><strong><img loading=\"lazy\" decoding=\"async\" class=\"alignleft\" src=\"https:\/\/ieannavitiello.edu.co\/web\/wp-content\/uploads\/2020\/02\/escudo.png\" width=\"179\" height=\"179\" \/>Un peque\u00f1o Libro. <\/strong>En la parte interior sobre el fondo blanco, que significa la sabidur\u00eda y ciencia como don y fruto del saber los\u00a0cuales deben fruct\u00edferos.<\/p>\n<p><strong>La Azucena:\u00a0<\/strong>En la parte superior sobre el fondo rojo, que significa el c\u00f3ndor de la pureza, que debe brotar de la conciencia\u00a0de cada estudiante y que todo su vivir sea expresi\u00f3n de la piedad y vinculo que los une con la Virgen Mar\u00eda Consoladora del Caprinillo. Nos expresa la virtud y la ciencia como excelencia.<\/p>\n<p><b>\u00a0<\/b>[\/vc_column_text][\/vc_column_inner][\/vc_row_inner][\/vc_column][\/vc_row][vc_row full_width=\u00bbstretch_row_content_no_spaces\u00bb css=\u00bb.vc_custom_1563221692040{background-color: #f7e1e2 !important;}\u00bb][vc_column][vc_row_inner][vc_column_inner]<div class=\"thim-widget-heading template-base\"><div class=\"sc_heading  text-center\"><h3 class=\"title\"><strong>Himno<\/strong> Institucional<\/h3><span class=\"line\"><\/span><\/div><\/div>[\/vc_column_inner][\/vc_row_inner][vc_row_inner][vc_column_inner width=\u00bb1\/3&#8243;]<div class=\"thim-widget-heading template-base\"><div class=\"sc_heading  text-center\"><h3 class=\"title\">CORO<\/h3><span class=\"line\"><\/span><\/div><\/div>[vc_column_text]<\/p>\n<div style=\"text-align: center;\">Volemos presurosos hasta la fuente santa que los humanos brindan la buena<br \/>\neducaci\u00f3n y saciamos con ansia, la sed que se agiganta cuando la ciencia<br \/>\namamanta al propio coraz\u00f3n.<\/div>\n<p>[\/vc_column_text]<div class=\"thim-widget-heading template-base\"><div class=\"sc_heading  text-center\"><h3 class=\"title\">III<\/h3><span class=\"line\"><\/span><\/div><\/div>[vc_column_text]<\/p>\n<div style=\"text-align: center;\">La gloria de la estirpe, ser\u00e1n nuestros blasones si en nuestra primavera supimos<br \/>\ndel honor de grabar en las mentes y nuestros corazones lo que aprendimos de<br \/>\nestos mensajeros del amor<\/div>\n<p>[\/vc_column_text][\/vc_column_inner][vc_column_inner width=\u00bb1\/3&#8243;]<div class=\"thim-widget-heading template-base\"><div class=\"sc_heading  text-center\"><h3 class=\"title\">I<\/h3><span class=\"line\"><\/span><\/div><\/div>[vc_column_text]<\/p>\n<div style=\"text-align: center;\">La barca esta ya pronta, sus velas desplegadas invita al que anhela de tierra<br \/>\ndespegar corramos en tropeles vayamos en bandadas a saborear las fuentes de<br \/>\nla inmortalidad.<\/div>\n<p>[\/vc_column_text]<div class=\"thim-widget-heading template-base\"><div class=\"sc_heading  text-center\"><h3 class=\"title\">IV<\/h3><span class=\"line\"><\/span><\/div><\/div>[vc_column_text]<\/p>\n<div style=\"text-align: center;\">Levantemos la frente, con gloria y esperanza en la feliz ma\u00f1ana de nuestro<br \/>\ndespertar vengamos a esta casa, la casa de confianza santuario y bien andanza,<br \/>\ndel que espera triunfar<\/div>\n<p>[\/vc_column_text][\/vc_column_inner][vc_column_inner width=\u00bb1\/3&#8243;]<div class=\"thim-widget-heading template-base\"><div class=\"sc_heading  text-center\"><h3 class=\"title\">II<\/h3><span class=\"line\"><\/span><\/div><\/div>[vc_column_text]<\/p>\n<div style=\"text-align: center;\">Las peque\u00f1as ap\u00f3stoles a guardan anhelantes la espiritual cosecha que van a<br \/>\nrecoger por que han regado en el campo con lagrimas amantes y dejaron su<br \/>\npatria la gloria y el placer.<\/div>\n<p>[\/vc_column_text]<div class=\"thim-widget-heading template-base\"><div class=\"sc_heading  text-center\"><h3 class=\"title\">V<\/h3><span class=\"line\"><\/span><\/div><\/div>[vc_column_text]<\/p>\n<div style=\"text-align: center;\">El puerto esta cerca, con los salmos de alegr\u00eda la patria nos aguarda, nos<br \/>\nespera el hogar la iglesia abre sus brazos y ante la luz del d\u00eda nos muestra la<br \/>\ncorona de la inmortalidad.<\/div>\n<p>[\/vc_column_text][\/vc_column_inner][\/vc_row_inner][vc_column_text]<\/p>\n<p style=\"text-align: center;\"><strong>Letra<\/strong>: Hermana Anna Maria Quintero,<br \/>\nRosalba Galvis (Sec.),<br \/>\nMaria Luisa Quintero (Prof.).<br \/>\n<strong>M\u00fasica<\/strong>: Maestro Orlando Londo\u00f1o.[\/vc_column_text][\/vc_column][\/vc_row]<\/p>\n<\/div>","protected":false},"excerpt":{"rendered":"<p>[vc_row][vc_column][vc_column_text] Desde su fundaci\u00f3n se ha propuesto ofrecer a la comunidad de Los Patios un servicio educativo con calidad, interpretada \u00e9sta como el proceso de formaci\u00f3n permanente, personal, cultural y social que se fundamenta en una concepci\u00f3n de la persona &hellip; <\/p>\n","protected":false},"author":1,"featured_media":0,"parent":0,"menu_order":0,"comment_status":"closed","ping_status":"closed","template":"","meta":{"footnotes":""},"class_list":["post-11502","page","type-page","status-publish","hentry"],"_links":{"self":[{"href":"https:\/\/ieannavitiello.edu.co\/web\/wp-json\/wp\/v2\/pages\/11502","targetHints":{"allow":["GET"]}}],"collection":[{"href":"https:\/\/ieannavitiello.edu.co\/web\/wp-json\/wp\/v2\/pages"}],"about":[{"href":"https:\/\/ieannavitiello.edu.co\/web\/wp-json\/wp\/v2\/types\/page"}],"author":[{"embeddable":true,"href":"https:\/\/ieannavitiello.edu.co\/web\/wp-json\/wp\/v2\/users\/1"}],"replies":[{"embeddable":true,"href":"https:\/\/ieannavitiello.edu.co\/web\/wp-json\/wp\/v2\/comments?post=11502"}],"version-history":[{"count":27,"href":"https:\/\/ieannavitiello.edu.co\/web\/wp-json\/wp\/v2\/pages\/11502\/revisions"}],"predecessor-version":[{"id":12440,"href":"https:\/\/ieannavitiello.edu.co\/web\/wp-json\/wp\/v2\/pages\/11502\/revisions\/12440"}],"wp:attachment":[{"href":"https:\/\/ieannavitiello.edu.co\/web\/wp-json\/wp\/v2\/media?parent=11502"}],"curies":[{"name":"wp","href":"https:\/\/api.w.org\/{rel}","templated":true}]}}